{"id":76,"date":"2021-07-31T13:21:10","date_gmt":"2021-07-31T11:21:10","guid":{"rendered":"https:\/\/miboraexpertises.wordpress.com\/?page_id=76"},"modified":"2024-09-19T13:32:08","modified_gmt":"2024-09-19T11:32:08","slug":"publications","status":"publish","type":"page","link":"https:\/\/mibora.fr\/?page_id=76","title":{"rendered":"Productions"},"content":{"rendered":"\n<div class=\"wp-block-cover alignwide is-light\"><span aria-hidden=\"true\" class=\"has-background-dim-0 wp-block-cover__gradient-background has-background-dim\"><\/span><img loading=\"lazy\" width=\"2560\" height=\"1703\" class=\"wp-block-cover__image-background wp-image-151\" alt=\"\" src=\"http:\/\/mibora.fr\/wp-content\/uploads\/2021\/11\/DSC1660-scaled.jpg\" style=\"object-position:52% 44%\" data-object-fit=\"cover\" data-object-position=\"52% 44%\" srcset=\"https:\/\/mibora.fr\/wp-content\/uploads\/2021\/11\/DSC1660-scaled.jpg 2560w, https:\/\/mibora.fr\/wp-content\/uploads\/2021\/11\/DSC1660-300x200.jpg 300w, https:\/\/mibora.fr\/wp-content\/uploads\/2021\/11\/DSC1660-1024x681.jpg 1024w, https:\/\/mibora.fr\/wp-content\/uploads\/2021\/11\/DSC1660-768x511.jpg 768w, https:\/\/mibora.fr\/wp-content\/uploads\/2021\/11\/DSC1660-1536x1022.jpg 1536w, https:\/\/mibora.fr\/wp-content\/uploads\/2021\/11\/DSC1660-2048x1363.jpg 2048w, https:\/\/mibora.fr\/wp-content\/uploads\/2021\/11\/DSC1660-930x620.jpg 930w\" sizes=\"(max-width: 2560px) 100vw, 2560px\" \/><div class=\"wp-block-cover__inner-container\">\n<p class=\"has-text-align-center has-large-font-size\"><\/p>\n<\/div><\/div>\n\n\n<p style=\"text-align: center;\"><span style=\"font-size: 8pt;\">Falaises littorales \u00e0 <em>Limonium pseudominutum<\/em> <strong>\u00a9<\/strong> L. Giardi<\/span><\/p>\n<p style=\"text-align: center;\"><span style=\"font-size: 18pt;\"><strong>Publications<\/strong><\/span><\/p>\n<p style=\"text-align: left;\">D\u00e9couverte d\u2019une deuxi\u00e8me station fran\u00e7aise de <em>Bowlesia incana <\/em>Ruiz &amp; Pav. \u00e0 Toulouse (Haute-Garonne) <a href=\"https:\/\/doi.org\/10.34971\/T7YZ-ZB22\">https:\/\/doi.org\/10.34971\/T7YZ-ZB22<\/a><\/p>\n<p style=\"text-align: left;\">Une esp\u00e8ce de lichen nouvelle pour la r\u00e9gion m\u00e9diterran\u00e9enne fran\u00e7aise : premi\u00e8re observation document\u00e9e de <em>Cladonia rei <\/em>Schaer., 1823 dans les Pyr\u00e9n\u00e9es-Orientales <a href=\"https:\/\/doi.org\/10.34971\/1h5x-7k73\">https:\/\/doi.org\/10.34971\/1h5x-7k73<\/a><\/p>\n<p style=\"text-align: left;\">Contribution \u00e0 la connaissance des Limonium du groupe duriusculum en France <a href=\"https:\/\/doi.org\/10.34971\/qc30-yq46\">https:\/\/doi.org\/10.34971\/qc30-yq46<\/a><\/p>\n<p style=\"text-align: left;\">D\u00e9couverte de Nitella capillaris (A.J. Krocker) J. Groves &amp; Bull.-Webst., 1920 sur le Causse du Larzac <a href=\"https:\/\/doi.org\/10.34971\/HEZW-WM61\">https:\/\/doi.org\/10.34971\/HEZW-WM61<\/a><\/p>\n<p style=\"text-align: left;\">Mol\u00e8nes hybrides de France, 6 \u2013 Verbascum \u00d7thapsi L. (V. lychnitis L. \u00d7 V. thapsus L.) <a href=\"https:\/\/doi.org\/10.34971\/KR4N-SM51\">https:\/\/doi.org\/10.34971\/KR4N-SM51<\/a><\/p>\n<p style=\"text-align: left;\">Maireana brevifolia (Chenopodiaceae), an Australian xenophyte established recently in southeastern Morocco <a href=\"https:\/\/doi.org\/10.3989\/collectbot.2023.v42.008\">https:\/\/doi.org\/10.3989\/collectbot.2023.v42.008 <\/a>\u00a0<\/p>\n<p style=\"text-align: left;\">Mol\u00e8nes hybrides de France, 13 \u2013 Verbascum \u00d7schiedeanum Koch (V. lychnitis L. \u00d7 V. nigrum L.) <a href=\"https:\/\/doi.org\/10.34971\/HC3H-7Y25\">https:\/\/doi.org\/10.34971\/HC3H-7Y25<\/a><\/p>\n<p style=\"text-align: left;\">Mol\u00e8nes hybrides de France, 12 &#8211; Verbascum \u00d7macilentum Franch. (V. blattaria L. \u00d7 V. pulverulentum Vill.) <a href=\"https:\/\/doi.org\/10.34971\/P2QT-T160\">https:\/\/doi.org\/10.34971\/P2QT-T160<\/a><\/p>\n<p style=\"text-align: left;\">Observation de plusieurs populations de Lycopsis orientalis L., 1753 dans le Puy-de-D\u00f4me <a href=\"https:\/\/doi.org\/10.34971\/4W1C-BT86\">https:\/\/doi.org\/10.34971\/4W1C-BT86<\/a><\/p>\n<p style=\"text-align: left;\">Red\u00e9couverte de Buxbaumia aphylla Hedw., 1801 en Bretagne, esp\u00e8ce non revue depuis 1876 <a href=\"https:\/\/doi.org\/10.34971\/W1AQ-3557\">https:\/\/ doi.org\/10.34971\/W1AQ-3557<\/a><\/p>\n<p style=\"text-align: left;\">Mol\u00e8nes hybrides de France, 11 &#8211; Verbascum \u00d7regelianum Wirtg. (V. lychnitis L. \u00d7 V. pulverulentum Vill.) <a href=\"https:\/\/doi.org\/10.34971\/B1DH-4B05\">https:\/\/doi.org\/10.34971\/B1DH-4B05<\/a><\/p>\n<p style=\"text-align: left;\">Mol\u00e8nes hybrides de France, 10 &#8211; Verbascum \u00d7semialbum Chaub. ex St.-Amans (V. nigrum L. \u00d7 V. thapsus L.) <a href=\"https:\/\/doi.org\/10.34971\/0GQX-EF09\">https:\/\/doi.org\/10.34971\/0GQX-EF09<\/a><\/p>\n<p style=\"text-align: left;\">Mol\u00e8nes hybrides de France, 9 &#8211; Verbascum \u00d7godronii Boreau (V. pulverulentum Vill. \u00d7 V. thapsus L.) <a href=\"https:\/\/doi.org\/10.34971\/XPCA-8D37\">https:\/\/doi.org\/10.34971\/XPCA-8D37<\/a><\/p>\n<p style=\"text-align: left;\">Mol\u00e8nes hybrides de France, 7 &#8211; Verbascum \u00d7mixtum Ramond ex DC. (V. nigrum L. \u00d7 V. pulverulentum Vill.) <a href=\"https:\/\/doi.org\/10.34971\/KSY5-6675\">https:\/\/doi.org\/10.34971\/KSY5-6675<\/a><\/p>\n<p style=\"text-align: left;\">Polygonum plebeium R.BR. esp\u00e8ce nouvelle pour le Maroc <a href=\"https:\/\/www.researchgate.net\/publication\/383913246_Polygonum_plebeium_RBR_espece_nouvelle_pour_le_Maroc\">https:\/\/www.researchgate.net\/publication\/383913246_Polygonum_plebeium_RBR_espece_nouvelle_pour_le_Maroc<\/a><\/p>\n<p style=\"text-align: left;\">\u00a0<\/p>\n<p style=\"text-align: left;\"><span style=\"font-size: 18pt;\"><strong>Galerie photo<\/strong><\/span><\/p>\n\n\n\t\t<!-- MasterSlider -->\n\t\t<div id=\"P_MS69e597aa82387\" class=\"master-slider-parent msl ms-parent-id-1\" style=\"max-width:800px;\">\n\n\t\t\t\n\t\t\t<!-- MasterSlider Main -->\n\t\t\t<div id=\"MS69e597aa82387\" class=\"master-slider ms-skin-default\" >\n\t\t\t\t \t\t\t\t \n\t\t\t\t<div  class=\"ms-slide\" data-delay=\"3\" data-fill-mode=\"fill\"  >\n\t\t\t\t\t<img src=\"https:\/\/mibora.fr\/wp-content\/plugins\/master-slider\/public\/assets\/css\/blank.gif\" alt=\"\" title=\"\" data-src=\"https:\/\/mibora.fr\/wp-content\/uploads\/2021\/11\/DSC0427-scaled.jpg\" \/>\n\n\t\t\t\t\t<div class=\"ms-info\"><em>Festuca glacialis<\/em>, gramin\u00e9e end\u00e9mique des Pyr\u00e9n\u00e9es se d\u00e9veloppant sur les cr\u00eates de haute montagne.<\/div>\n\n\n\t<div class=\"ms-thumb\" ><div class=\"ms-tab-context\"><div class=&quot;ms-tab-context&quot;><\/div><\/div>\n<\/div>\n\t\t\t\t<\/div>\n\t\t\t\t<div  class=\"ms-slide\" data-delay=\"3\" data-fill-mode=\"fill\"  >\n\t\t\t\t\t<img src=\"https:\/\/mibora.fr\/wp-content\/plugins\/master-slider\/public\/assets\/css\/blank.gif\" alt=\"\" title=\"\" data-src=\"https:\/\/mibora.fr\/wp-content\/uploads\/2021\/11\/DSC0095-scaled.jpg\" \/>\n\n\t\t\t\t\t<div class=\"ms-info\"><em>Taraxacum pyrenaicum<\/em>, pissenlit end\u00e9mique des Pyr\u00e9n\u00e9es. Cette esp\u00e8ce se d\u00e9veloppe dans les pelouses et p\u00e2turages aux \u00e9tages alpin et subalpin.<br \/><\/div>\n\n\n\t<div class=\"ms-thumb\" ><div class=\"ms-tab-context\"><div class=&quot;ms-tab-context&quot;><\/div><\/div>\n<\/div>\n\t\t\t\t<\/div>\n\t\t\t\t<div  class=\"ms-slide\" data-delay=\"3\" data-fill-mode=\"fill\"  >\n\t\t\t\t\t<img src=\"https:\/\/mibora.fr\/wp-content\/plugins\/master-slider\/public\/assets\/css\/blank.gif\" alt=\"\" title=\"\" data-src=\"https:\/\/mibora.fr\/wp-content\/uploads\/2021\/11\/DSC_0375-scaled.jpg\" \/>\n\n\t\t\t\t\t<div class=\"ms-info\"><em>Lilium bulbiferum\u00a0<\/em>var\u00a0<em>croceum<\/em>, belle Liliaceae qu'on retrouve dans les Alpes et en Corse dans une grande vari\u00e9t\u00e9 d'habitats : ourlets thermophiles, rochers, \u00e9boulis... Principalement sur silice.<\/div>\n\n\n\t<div class=\"ms-thumb\" ><div class=\"ms-tab-context\"><div class=&quot;ms-tab-context&quot;><\/div><\/div>\n<\/div>\n\t\t\t\t<\/div>\n\t\t\t\t<div  class=\"ms-slide\" data-delay=\"3\" data-fill-mode=\"fill\"  >\n\t\t\t\t\t<img src=\"https:\/\/mibora.fr\/wp-content\/plugins\/master-slider\/public\/assets\/css\/blank.gif\" alt=\"\" title=\"\" data-src=\"https:\/\/mibora.fr\/wp-content\/uploads\/2021\/11\/DSC_0215-scaled.jpg\" \/>\n\n\t\t\t\t\t<div class=\"ms-info\"><em>Dracocephalum ruyschiana, <\/em>esp\u00e8ce qui se d\u00e9veloppe principalement dans les pelouses subalpines m\u00e9sophiles, dans les Alpes et les Pyr\u00e9n\u00e9es.<\/div>\n\n\n\t<div class=\"ms-thumb\" ><div class=\"ms-tab-context\"><div class=&quot;ms-tab-context&quot;><\/div><\/div>\n<\/div>\n\t\t\t\t<\/div>\n\t\t\t\t<div  class=\"ms-slide\" data-delay=\"3\" data-fill-mode=\"fill\"  >\n\t\t\t\t\t<img src=\"https:\/\/mibora.fr\/wp-content\/plugins\/master-slider\/public\/assets\/css\/blank.gif\" alt=\"\" title=\"\" data-src=\"https:\/\/mibora.fr\/wp-content\/uploads\/2021\/11\/DSC_0183-scaled.jpg\" \/>\n\n\t\t\t\t\t<div class=\"ms-info\"><em>Schoenus ferrugineus<\/em>, Cyperaceae des bas-marais basiphiles oligotrophes. Protection nationale.<\/div>\n\n\n\t<div class=\"ms-thumb\" ><div class=\"ms-tab-context\"><div class=&quot;ms-tab-context&quot;><\/div><\/div>\n<\/div>\n\t\t\t\t<\/div>\n\t\t\t\t<div  class=\"ms-slide\" data-delay=\"3\" data-fill-mode=\"fill\"  >\n\t\t\t\t\t<img src=\"https:\/\/mibora.fr\/wp-content\/plugins\/master-slider\/public\/assets\/css\/blank.gif\" alt=\"\" title=\"\" data-src=\"https:\/\/mibora.fr\/wp-content\/uploads\/2021\/07\/moisson-a-vaccaria-scaled.jpg\" \/>\n\n\t\t\t\t\t<div class=\"ms-info\"><em>Viscaria vulgaris, <\/em>esp\u00e8ce des pelouses et ourlets thermophiles acidiphiles.<br \/><\/div>\n\n\n\t<div class=\"ms-thumb\" ><div class=\"ms-tab-context\"><div class=&quot;ms-tab-context&quot;><\/div><\/div>\n<\/div>\n\t\t\t\t<\/div>\n\t\t\t\t<div  class=\"ms-slide\" data-delay=\"3\" data-fill-mode=\"fill\"  >\n\t\t\t\t\t<img src=\"https:\/\/mibora.fr\/wp-content\/plugins\/master-slider\/public\/assets\/css\/blank.gif\" alt=\"\" title=\"\" data-src=\"https:\/\/mibora.fr\/wp-content\/uploads\/2021\/07\/isoetes-duriei-scaled.jpg\" \/>\n\n\t\t\t\t\t<div class=\"ms-info\"><em>Isoetes duriei<\/em>, curieuse foug\u00e8re aquatique se d\u00e9veloppant dans les milieux temporairement engorg\u00e9s. Protection nationale.<\/div>\n\n\n\t<div class=\"ms-thumb\" ><div class=\"ms-tab-context\"><div class=&quot;ms-tab-context&quot;><\/div><\/div>\n<\/div>\n\t\t\t\t<\/div>\n\t\t\t\t<div  class=\"ms-slide\" data-delay=\"3\" data-fill-mode=\"fill\"  >\n\t\t\t\t\t<img src=\"https:\/\/mibora.fr\/wp-content\/plugins\/master-slider\/public\/assets\/css\/blank.gif\" alt=\"\" title=\"\" data-src=\"https:\/\/mibora.fr\/wp-content\/uploads\/2021\/07\/dsc_0877-scaled.jpg\" \/>\n\n\t\t\t\t\t<div class=\"ms-info\">Radeaux \u00e0 <em>Menyanthes trifoliata <\/em>dans le massif de Belledone, autour du lac Achard.<\/div>\n\n\n\t<div class=\"ms-thumb\" ><div class=\"ms-tab-context\"><div class=&quot;ms-tab-context&quot;><\/div><\/div>\n<\/div>\n\t\t\t\t<\/div>\n\t\t\t\t<div  class=\"ms-slide\" data-delay=\"3\" data-fill-mode=\"fill\"  >\n\t\t\t\t\t<img src=\"https:\/\/mibora.fr\/wp-content\/plugins\/master-slider\/public\/assets\/css\/blank.gif\" alt=\"\" title=\"\" data-src=\"https:\/\/mibora.fr\/wp-content\/uploads\/2021\/07\/dsc_0266-scaled.jpg\" \/>\n\n\t\t\t\t\t<div class=\"ms-info\">Sondage p\u00e9dologique pr\u00e9sentant des marqueurs d'hydromorphie.<\/div>\n\n\n\t<div class=\"ms-thumb\" ><div class=\"ms-tab-context\"><div class=&quot;ms-tab-context&quot;><\/div><\/div>\n<\/div>\n\t\t\t\t<\/div>\n\t\t\t\t<div  class=\"ms-slide\" data-delay=\"3\" data-fill-mode=\"fill\"  >\n\t\t\t\t\t<img src=\"https:\/\/mibora.fr\/wp-content\/plugins\/master-slider\/public\/assets\/css\/blank.gif\" alt=\"\" title=\"\" data-src=\"https:\/\/mibora.fr\/wp-content\/uploads\/2021\/07\/bouquetins.jpg\" \/>\n\n\t\t\t\t\t<div class=\"ms-info\">Bouquetins dans la r\u00e9serve naturelle nationale du Mont-Viso.<\/div>\n\n\n\t<div class=\"ms-thumb\" ><div class=\"ms-tab-context\"><div class=&quot;ms-tab-context&quot;><\/div><\/div>\n<\/div>\n\t\t\t\t<\/div>\n\t\t\t\t<div  class=\"ms-slide\" data-delay=\"3\" data-fill-mode=\"fill\"  >\n\t\t\t\t\t<img src=\"https:\/\/mibora.fr\/wp-content\/plugins\/master-slider\/public\/assets\/css\/blank.gif\" alt=\"\" title=\"\" data-src=\"https:\/\/mibora.fr\/wp-content\/uploads\/2021\/07\/bas-marais-alcalin-a-carex-buxbaumii-scaled.jpg\" \/>\n\n\t\t\t\t\t<div class=\"ms-info\">Bas-marais alcalin \u00e0 <em>Carex buxbaumii <\/em>et <em>Schoenus ferrugineus<\/em>.<\/div>\n\n\n\t<div class=\"ms-thumb\" ><div class=\"ms-tab-context\"><div class=&quot;ms-tab-context&quot;><\/div><\/div>\n<\/div>\n\t\t\t\t<\/div>\n\n\t\t\t<\/div>\n\t\t\t<!-- END MasterSlider Main -->\n\n\t\t\t \n\t\t<\/div>\n\t\t<!-- END MasterSlider -->\n\n\t\t<script>\n\t\t(function ( $ ) {\n\t\t\t\"use strict\";\n\n\t\t\t$(function () {\n\t\t\t\tvar masterslider_2387 = new MasterSlider();\n\n\t\t\t\t\/\/ slider controls\n\t\t\t\tmasterslider_2387.control('arrows'     ,{ autohide:false, overVideo:true  });\n\t\t\t\tmasterslider_2387.control('slideinfo'  ,{ autohide:false, overVideo:true, dir:'h', align:'bottom',inset:false , margin:10   });\n\t\t\t\t\/\/ slider setup\n\t\t\t\tmasterslider_2387.setup(\"MS69e597aa82387\", {\n\t\t\t\t\t\twidth           : 800,\n\t\t\t\t\t\theight          : 480,\n\t\t\t\t\t\tminHeight       : 0,\n\t\t\t\t\t\tspace           : 0,\n\t\t\t\t\t\tstart           : 1,\n\t\t\t\t\t\tgrabCursor      : true,\n\t\t\t\t\t\tswipe           : true,\n\t\t\t\t\t\tmouse           : true,\n\t\t\t\t\t\tlayout          : \"boxed\",\n\t\t\t\t\t\twheel           : false,\n\t\t\t\t\t\tautoplay        : false,\n\t\t\t\t\t\tinstantStartLayers:false,\n\t\t\t\t\t\tloop            : false,\n\t\t\t\t\t\tshuffle         : false,\n\t\t\t\t\t\tpreload         : 0,\n\t\t\t\t\t\theightLimit     : true,\n\t\t\t\t\t\tautoHeight      : false,\n\t\t\t\t\t\tsmoothHeight    : true,\n\t\t\t\t\t\tendPause        : false,\n\t\t\t\t\t\toverPause       : true,\n\t\t\t\t\t\tfillMode        : \"fill\",\n\t\t\t\t\t\tcenterControls  : true,\n\t\t\t\t\t\tstartOnAppear   : false,\n\t\t\t\t\t\tlayersMode      : \"center\",\n\t\t\t\t\t\thideLayers      : false,\n\t\t\t\t\t\tfullscreenMargin: 0,\n\t\t\t\t\t\tspeed           : 20,\n\t\t\t\t\t\tdir             : \"h\",\n\t\t\t\t\t\tparallaxMode    : 'swipe',\n\t\t\t\t\t\tview            : \"basic\"\n\t\t\t\t});\n\n\t\t\t\t\n\t\t\t\twindow.masterslider_instances = window.masterslider_instances || [];\n\t\t\t\twindow.masterslider_instances.push( masterslider_2387 );\n\t\t\t });\n\n\t\t})(jQuery);\n\t\t<\/script>\n\n\n","protected":false},"excerpt":{"rendered":"<p>Falaises littorales \u00e0 Limonium pseudominutum \u00a9 L. Giardi Publications D\u00e9couverte d\u2019une deuxi\u00e8me station fran\u00e7aise de Bowlesia incana Ruiz &amp; Pav. \u00e0 Toulouse (Haute-Garonne) https:\/\/doi.org\/10.34971\/T7YZ-ZB22 Une esp\u00e8ce de lichen nouvelle pour la r\u00e9gion m\u00e9diterran\u00e9enne fran\u00e7aise : premi\u00e8re observation document\u00e9e de Cladonia rei Schaer., 1823 dans les Pyr\u00e9n\u00e9es-Orientales https:\/\/doi.org\/10.34971\/1h5x-7k73 Contribution \u00e0 la connaissance des Limonium du groupe&hellip;&nbsp;<a href=\"https:\/\/mibora.fr\/?page_id=76\" class=\"\" rel=\"bookmark\">Read More &raquo;<span class=\"screen-reader-text\">Productions<\/span><\/a><\/p>\n","protected":false},"author":1,"featured_media":0,"parent":0,"menu_order":0,"comment_status":"closed","ping_status":"closed","template":"","meta":{"neve_meta_sidebar":"","neve_meta_container":"","neve_meta_enable_content_width":"","neve_meta_content_width":0,"neve_meta_title_alignment":"","neve_meta_author_avatar":"","neve_post_elements_order":"","neve_meta_disable_header":"","neve_meta_disable_footer":"","neve_meta_disable_title":"on"},"_links":{"self":[{"href":"https:\/\/mibora.fr\/index.php?rest_route=\/wp\/v2\/pages\/76"}],"collection":[{"href":"https:\/\/mibora.fr\/index.php?rest_route=\/wp\/v2\/pages"}],"about":[{"href":"https:\/\/mibora.fr\/index.php?rest_route=\/wp\/v2\/types\/page"}],"author":[{"embeddable":true,"href":"https:\/\/mibora.fr\/index.php?rest_route=\/wp\/v2\/users\/1"}],"replies":[{"embeddable":true,"href":"https:\/\/mibora.fr\/index.php?rest_route=%2Fwp%2Fv2%2Fcomments&post=76"}],"version-history":[{"count":30,"href":"https:\/\/mibora.fr\/index.php?rest_route=\/wp\/v2\/pages\/76\/revisions"}],"predecessor-version":[{"id":387,"href":"https:\/\/mibora.fr\/index.php?rest_route=\/wp\/v2\/pages\/76\/revisions\/387"}],"wp:attachment":[{"href":"https:\/\/mibora.fr\/index.php?rest_route=%2Fwp%2Fv2%2Fmedia&parent=76"}],"curies":[{"name":"wp","href":"https:\/\/api.w.org\/{rel}","templated":true}]}}